{"id":7,"date":"2024-10-02T10:56:36","date_gmt":"2024-10-02T10:56:36","guid":{"rendered":"https:\/\/wanderhirsch.de\/?page_id=7"},"modified":"2024-10-02T10:56:36","modified_gmt":"2024-10-02T10:56:36","slug":"impressum","status":"publish","type":"page","link":"https:\/\/wanderhirsch.de\/index.php\/impressum\/","title":{"rendered":"Impressum"},"content":{"rendered":"\n<p><strong>Landesjagdverband Baden-W\u00fcrttemberg e.V.<br>Felix-Dahn-Str. 41<br>70597 Stuttgart<\/strong><\/p>\n\n\n\n<p>Inhaber vertreten durch: Landesj\u00e4germeister Dr. J\u00f6rg Friedmann<br>Registergericht: Amtsgericht Stuttgart<br>Register: VR 1167<br>Internet:&nbsp;<a href=\"http:\/\/www.landesjagdverband.de\/\" target=\"_blank\" rel=\"noreferrer noopener\">www.landesjagdverband.de<\/a><br>E-Mail:&nbsp;<a href=\"https:\/\/www.landesjagdverband.de\/impressum#\">info(at)landesjagdverband.de<\/a><br>Telefon: +49 (0)711 995899-0<br>Telefax: +49 (0)711 995899-99<\/p>\n\n\n\n<p>Redaktion:&nbsp;<a href=\"https:\/\/www.landesjagdverband.de\/impressum#\">presse(at)landesjagdverband.de<\/a><\/p>\n\n\n\n<hr class=\"wp-block-separator has-alpha-channel-opacity is-style-wide\"\/>\n\n\n\n<p><\/p>\n\n\n\n<p class=\"has-large-font-size\"><strong>Rechtliche Hinweise<\/strong><\/p>\n\n\n\n<p>Die Informationen auf dieser Webseite werden durch den Landesjagdverband Baden-W\u00fcrttemberg e.V. regelm\u00e4\u00dfig aktualisiert und sorgf\u00e4ltig gepr\u00fcft.&nbsp;Dennoch kann der Landesjagdverband Baden-W\u00fcrttemberg e.V. keine Haftung oder Garantie f\u00fcr die Aktualit\u00e4t, Richtigkeit und Vollst\u00e4ndigkeit der zur Verf\u00fcgung gestellten Informationen \u00fcbernehmen. Gleiches gilt auch f\u00fcr den Inhalt der Websites, auf die mittels Hyperlink verwiesen wird. Der Landesjagdverband Baden-W\u00fcrttemberg e.V. ist f\u00fcr den Inhalt der Websites, die auf Grund einer solchen Verbindung erreicht werden, nicht verantwortlich.<br>Die Vervielf\u00e4ltigung von Informationen, Bildern und Dateien, insbesondere die Verwendung von Texten und Textteilen, bedarf der vorherigen Zustimmung des Landesjagdverbandes Baden-W\u00fcrttemberg e.V.<\/p>\n\n\n\n<p>Diese Website benutzt zudem Google Analytics, einen Webanalysedienst der Google Inc. (&#8222;Google&#8220;). Google Analytics verwendet sog. &#8222;Cookies&#8220;, Textdateien, die auf Ihrem Computer gespeichert werden und die eine Analyse der Benutzung der Website durch Sie erm\u00f6glichen. Die durch den Cookie erzeugten Informationen \u00fcber Ihre Benutzung dieser Website werden in der Regel an einen Server von Google in den USA \u00fcbertragen und dort gespeichert. Wir haben die IP-Anonymisierung aktiviert. Auf dieser Webseite wird Ihre IP-Adresse von Google daher innerhalb von Mitgliedstaaten der Europ\u00e4ischen Union oder in anderen Vertragsstaaten des Abkommens \u00fcber den Europ\u00e4ischen Wirtschaftsraum zuvor gek\u00fcrzt. Nur in Ausnahmef\u00e4llen wird die volle IP-Adresse an einen Server von Google in den USA \u00fcbertragen und dort gek\u00fcrzt. Im Auftrag des Betreibers dieser Website wird Google diese Informationen benutzen, um Ihre Nutzung der Website auszuwerten, um Reports \u00fcber die Websiteaktivit\u00e4ten zusammenzustellen und um weitere mit der Websitenutzung und der Internetnutzung verbundene Dienstleistungen gegen\u00fcber dem Websitebetreiber zu erbringen. Die im Rahmen von Google Analytics von Ihrem Browser \u00fcbermittelte IP-Adresse wird nicht mit anderen Daten von Google zusammengef\u00fchrt.<\/p>\n\n\n\n<p>Sie k\u00f6nnen die Speicherung der Cookies durch eine entsprechende Einstellung Ihrer Browser-Software verhindern; wir weisen Sie jedoch darauf hin, dass Sie in diesem Fall gegebenenfalls nicht s\u00e4mtliche Funktionen dieser Website vollumf\u00e4nglich werden nutzen k\u00f6nnen. Sie k\u00f6nnen dar\u00fcber hinaus die Erfassung der durch das Cookie erzeugten und auf Ihre Nutzung der Website bezogenen Daten (inkl. Ihrer IP-Adresse) an Google sowie die Verarbeitung dieser Daten durch Google verhindern, indem sie das unter dem folgenden Link verf\u00fcgbare Browser-Plugin herunterladen und installieren:&nbsp;<a href=\"http:\/\/tools.google.com\/dlpage\/gaoptout?hl=de\" target=\"_blank\" rel=\"noreferrer noopener\">http:\/\/tools.google.com\/dlpage\/gaoptout?hl=de<\/a><\/p>\n","protected":false},"excerpt":{"rendered":"<p>Landesjagdverband Baden-W\u00fcrttemberg e.V.Felix-Dahn-Str. 4170597 Stuttgart Inhaber vertreten durch: Landesj\u00e4germeister Dr. J\u00f6rg FriedmannRegistergericht: Amtsgericht StuttgartRegister: VR 1167Internet:&nbsp;www.landesjagdverband.deE-Mail:&nbsp;info(at)landesjagdverband.deTelefon: +49 (0)711 995899-0Telefax: +49 (0)711 995899-99 Redaktion:&nbsp;presse(at)landesjagdverband.de Rechtliche Hinweise Die Informationen auf dieser Webseite werden durch den Landesjagdverband Baden-W\u00fcrttemberg e.V. regelm\u00e4\u00dfig aktualisiert und sorgf\u00e4ltig gepr\u00fcft.&nbsp;Dennoch kann der Landesjagdverband Baden-W\u00fcrttemberg e.V. keine Haftung oder Garantie f\u00fcr die Aktualit\u00e4t, Richtigkeit und [&hellip;]<\/p>\n","protected":false},"author":1,"featured_media":0,"parent":0,"menu_order":0,"comment_status":"closed","ping_status":"closed","template":"","meta":{"footnotes":""},"class_list":["post-7","page","type-page","status-publish","hentry"],"_links":{"self":[{"href":"https:\/\/wanderhirsch.de\/index.php\/wp-json\/wp\/v2\/pages\/7","targetHints":{"allow":["GET"]}}],"collection":[{"href":"https:\/\/wanderhirsch.de\/index.php\/wp-json\/wp\/v2\/pages"}],"about":[{"href":"https:\/\/wanderhirsch.de\/index.php\/wp-json\/wp\/v2\/types\/page"}],"author":[{"embeddable":true,"href":"https:\/\/wanderhirsch.de\/index.php\/wp-json\/wp\/v2\/users\/1"}],"replies":[{"embeddable":true,"href":"https:\/\/wanderhirsch.de\/index.php\/wp-json\/wp\/v2\/comments?post=7"}],"version-history":[{"count":1,"href":"https:\/\/wanderhirsch.de\/index.php\/wp-json\/wp\/v2\/pages\/7\/revisions"}],"predecessor-version":[{"id":8,"href":"https:\/\/wanderhirsch.de\/index.php\/wp-json\/wp\/v2\/pages\/7\/revisions\/8"}],"wp:attachment":[{"href":"https:\/\/wanderhirsch.de\/index.php\/wp-json\/wp\/v2\/media?parent=7"}],"curies":[{"name":"wp","href":"https:\/\/api.w.org\/{rel}","templated":true}]}}